	{"id":2,"date":"2018-11-29T09:56:08","date_gmt":"2018-11-29T09:56:08","guid":{"rendered":"http:\/\/sitio4.usal.es\/?page_id=2"},"modified":"2024-09-15T19:19:41","modified_gmt":"2024-09-15T19:19:41","slug":"como_llegar","status":"publish","type":"page","link":"https:\/\/stial.usal.es\/de\/como_llegar\/","title":{"rendered":"Anreise"},"content":{"rendered":"<p><span style=\"font-size: 12pt;\"><img loading=\"lazy\" decoding=\"async\" class=\"size-medium wp-image-405 aligncenter\" src=\"http:\/\/stial.usal.es\/wp-content\/uploads\/sites\/4\/2019\/10\/como-llegar-a-lillo-300x130.png\" alt=\"\" width=\"300\" height=\"130\" srcset=\"https:\/\/stial.usal.es\/wp-content\/uploads\/sites\/4\/2019\/10\/como-llegar-a-lillo-300x130.png 300w, https:\/\/stial.usal.es\/wp-content\/uploads\/sites\/4\/2019\/10\/como-llegar-a-lillo-768x333.png 768w, https:\/\/stial.usal.es\/wp-content\/uploads\/sites\/4\/2019\/10\/como-llegar-a-lillo.png 851w\" sizes=\"auto, (max-width: 300px) 100vw, 300px\" \/><br \/>\n<\/span><\/p>\n<h2 class=\"small\"><\/h2>\n<h3><b>Anfahrt nach Salamanca<\/b><\/h3>\n<h3><b>Mit dem Flugzeug<\/b><\/h3>\n<p><span style=\"font-weight: 400;\">In der N\u00e4he von Salamanca befinden sich die Flugh\u00e4fen <\/span><b>Valladolid <\/b><span style=\"font-weight: 400;\">(Villanubla) und <\/span><b>Madrid <\/b><span style=\"font-weight: 400;\">(Adolfo Su\u00e1rez-Barajas). Andere Flugh\u00e4fen mit gr\u00f6\u00dferer Anreisezeit nach Salamanca sind Barcelona, <\/span><a href=\"https:\/\/www.aena.es\/es\/malaga-costa-del-sol.html\"><span style=\"font-weight: 400;\">M\u00e1laga<\/span><\/a><span style=\"font-weight: 400;\">, <\/span><a href=\"https:\/\/www.aena.es\/es\/alicante-elche-miguel-hernandez.html\"><span style=\"font-weight: 400;\">Alicante-Elche<\/span><\/a><span style=\"font-weight: 400;\">, <\/span><a href=\"https:\/\/www.aeropuertoporto.pt\/es\/opo\/home\"><span style=\"font-weight: 400;\">Porto<\/span><\/a><span style=\"font-weight: 400;\"> (Portugal) und <\/span><a href=\"https:\/\/www.aeropuertolisboa.pt\/es\/lis\/home\"><span style=\"font-weight: 400;\">Lissabon<\/span><\/a><span style=\"font-weight: 400;\"> (Portugal).<\/span><\/p>\n<h4><b>Flughafen Madrid<\/b><\/h4>\n<p><span style=\"font-weight: 400;\">Salamanca befindet sich 210 km westlich von Madrid. Es gibt regelm\u00e4\u00dfige Bahn- und Busverbindungen. Der Flughafen <\/span><a href=\"https:\/\/www.aena.es\/es\/adolfo-suarez-madrid-barajas.html\"><span style=\"font-weight: 400;\">Adolfo Su\u00e1rez Madrid-Barajas<\/span><\/a><span style=\"font-weight: 400;\"> ist der von Salamanca n\u00e4chstgelegene gro\u00dfe Flughafen.<\/span><\/p>\n<p><span style=\"font-weight: 400;\">Um vom Flughafen Barajas mit dem Zug nach Salamanca zu gelangen, gibt es verschiedene M\u00f6glichkeiten:<\/span><\/p>\n<ul>\n<li style=\"font-weight: 400;\" aria-level=\"1\"><b>Taxi<\/b><span style=\"font-weight: 400;\"> (ca. 30 \u20ac bis ins Zentrum von Madrid):<\/span>\n<ul>\n<li style=\"font-weight: 400;\" aria-level=\"2\"><span style=\"font-weight: 400;\">zum Bahnhof Chamart\u00edn oder Pr\u00edncipe P\u00edo.<\/span><\/li>\n<li style=\"font-weight: 400;\" aria-level=\"2\"><span style=\"font-weight: 400;\">zum Busbahnhof Estaci\u00f3n Sur in Madrid.<\/span><\/li>\n<\/ul>\n<\/li>\n<li style=\"font-weight: 400;\" aria-level=\"1\"><b>Direktbus<\/b><span style=\"font-weight: 400;\"> nach Salamanca vom Busbahnhof Estaci\u00f3n Sur.<\/span><\/li>\n<li style=\"font-weight: 400;\" aria-level=\"1\"><b>Nahverkehrsz\u00fcge<\/b><span style=\"font-weight: 400;\"> (<\/span><i><span style=\"font-weight: 400;\">Cercan\u00edas<\/span><\/i><span style=\"font-weight: 400;\">):<\/span>\n<ul>\n<li style=\"font-weight: 400;\" aria-level=\"2\"><span style=\"font-weight: 400;\">Am Terminal 4 (T4) gibt es einen Nahverkehrsbahnhof und mehrere Linien <\/span><a href=\"https:\/\/www.aeropuertomadrid-barajas.com\/transportes\/bus-transito-lanzadera-terminales.html\"><span style=\"font-weight: 400;\">verbinden die Terminals 1, 2, 3 und 4<\/span><\/a><span style=\"font-weight: 400;\"> regelm\u00e4\u00dfig mit den verschiedenen Bahnh\u00f6fen in Madrid.<\/span><\/li>\n<li style=\"font-weight: 400;\" aria-level=\"2\"><span style=\"font-weight: 400;\">Die Nahverkehrsz\u00fcge <\/span><b>C1<\/b><span style=\"font-weight: 400;\"> und <\/span><b>C10<\/b><span style=\"font-weight: 400;\"> halten an den <\/span><a href=\"https:\/\/traduccioneinterpretacion.org\/de\/kongress2024\/veranstaltungsort\/anfahrt\/#tren-madrid\"><span style=\"font-weight: 400;\">Bahnh\u00f6fen<\/span><\/a><span style=\"font-weight: 400;\"> Chamart\u00edn (3 Haltestellen, Bef\u00f6rderungszeit ca. 20 Minuten) und Pr\u00edncipe P\u00edo (10 Haltestellen, Bef\u00f6rderungszeit ca. 45 Minuten). Die Z\u00fcge halten auch an der Haltestelle \u201eNuevos Ministerios\u201c (4 Haltestellen), von wo aus Sie in die U-Bahn umsteigen k\u00f6nnen, um mit der Linie 6 (Ringlinie) nach \u201eM\u00e9ndez \u00c1lvaro\u201c (<\/span><a href=\"https:\/\/traduccioneinterpretacion.org\/de\/kongress2024\/veranstaltungsort\/anfahrt\/#bus-madrid\"><span style=\"font-weight: 400;\">Busbahnhof Estaci\u00f3n Sur<\/span><\/a><span style=\"font-weight: 400;\">) zu gelangen.<\/span><\/li>\n<li style=\"font-weight: 400;\" aria-level=\"2\"><span style=\"font-weight: 400;\">Die Fahrkarte zwischen dem Flughafen und dem Zentrum von Madrid kostet 2,60 \u20ac.<\/span><\/li>\n<\/ul>\n<\/li>\n<li style=\"font-weight: 400;\" aria-level=\"1\"><b>U-Bahn<\/b><span style=\"font-weight: 400;\">: Sie m\u00fcssen eine Karte f\u00fcr die \u00f6ffentlichen Verkehrsmittel kaufen (z. B. die Multicard, Preis 2,50 \u20ac) und diese f\u00fcr das gew\u00fcnschte Ziel aufladen (1,50-2,50 \u20ac). Sie ist an den Ticketautomaten erh\u00e4ltlich. Wenn Sie die U-Bahn von der Haltestelle am Flughafen nehmen, m\u00fcssen Sie einen Flughafenzuschlag (3 \u20ac) bezahlen.<\/span>\n<ul>\n<li style=\"font-weight: 400;\" aria-level=\"2\"><span style=\"font-weight: 400;\">Zum Bahnhof Chamart\u00edn kann man ebenfalls die Linie 8 nehmen. Man muss allerdings in \u201eNuevos Ministerios\u201c umsteigen, um mit der Linie 10 zum Bahnhof zu gelangen (Richtung Endhaltestelle: Tres Olivos). Die Fahrzeit liegt bei ca. 35 Minuten.<\/span><\/li>\n<li style=\"font-weight: 400;\" aria-level=\"2\"><span style=\"font-weight: 400;\">Zum Bahnhof Pr\u00edncipe P\u00edo kann man ebenfalls die Linie 8 nehmen. In \u201eNuevos Ministerios\u201c muss man in die Linie 10 umsteigen, um zum Bahnhof zu gelangen (Richtung Endhaltestelle: Puerta del Sur). Die Fahrzeit liegt bei ca. 40 Minuten.<\/span><\/li>\n<li style=\"font-weight: 400;\" aria-level=\"2\"><span style=\"font-weight: 400;\">Zum Busbahnhof Estaci\u00f3n Sur steigen Sie in die Linie 6 (Ringlinie); Ausstieg: Haltestelle \u201eM\u00e9ndez \u00c1lvaro\u201c.<\/span><\/li>\n<li style=\"font-weight: 400;\" aria-level=\"2\"><a href=\"http:\/\/www.metromadrid.es\/es\/viaja_en_metro\/red_de_metro\/planos\/index.html\"><span style=\"font-weight: 400;\">U-Bahn Netzplan Madrid<\/span><\/a><span style=\"font-weight: 400;\">.<\/span><\/li>\n<\/ul>\n<\/li>\n<\/ul>\n<h4><b>Flughafen Valladolid<\/b><\/h4>\n<p><span style=\"font-weight: 400;\">Salamanca befindet sich 115 km s\u00fcd\u00f6stlich von Valladolid. Es gibt regelm\u00e4\u00dfige <\/span><a href=\"http:\/\/tren-valladolid\/\"><span style=\"font-weight: 400;\">Bahn-<\/span><\/a><span style=\"font-weight: 400;\"> und <\/span><a href=\"http:\/\/bus-valladolid\/\"><span style=\"font-weight: 400;\">Busverbindungen<\/span><\/a><span style=\"font-weight: 400;\">.<\/span><\/p>\n<p><span style=\"font-weight: 400;\">Der Flughafen Valladolid (Villanubla) liegt 11 km au\u00dferhalb des Stadtzentrums. Am besten kommt man mit dem Taxi ins Zentrum, die Fahrzeit liegt bei ca. 15 Minuten und die Kosten betragen ca. 15 \u20ac.<\/span><\/p>\n<p><span style=\"font-weight: 400;\">Es besteht auch die M\u00f6glichkeit, den Bus zu nehmen, der etwa alle 90 Minuten f\u00e4hrt. Es gibt verschiedene Linien, die Kosten betragen ca. 3 \u20ac und die Fahrzeit liegt bei 30 Minuten. Genauere Ausk\u00fcnfte unter der Service-Nummer: <\/span><span style=\"font-weight: 400;\">+34 983230033<\/span><span style=\"font-weight: 400;\"> bzw. auf der <\/span><a href=\"https:\/\/www.aena.es\/es\/valladolid\/como-llegar\/autobus.html\"><span style=\"font-weight: 400;\">Website von AENA<\/span><\/a><span style=\"font-weight: 400;\">.<\/span><\/p>\n<p><span style=\"font-weight: 400;\">Die Haltestellen f\u00fcr Bus und Bahn befinden sich nebeneinander.<\/span><\/p>\n<h3><b>Mit dem Zug<\/b><\/h3>\n<p><span style=\"font-weight: 400;\">Aktuelle Informationen zu Fahrpl\u00e4nen und Preisen finden Sie auf der <\/span><a href=\"http:\/\/www.renfe.es\/\"><span style=\"font-weight: 400;\">RENFE-Website<\/span><\/a><span style=\"font-weight: 400;\">.<\/span><\/p>\n<h4><b>Madrid-Salamanca<\/b><\/h4>\n<ul>\n<li style=\"font-weight: 400;\" aria-level=\"1\"><span style=\"font-weight: 400;\">Die Z\u00fcge fahren vom und zum <\/span><a href=\"https:\/\/www.adif.es\/w\/17000-madrid-chamart%C3%ADn\"><span style=\"font-weight: 400;\">Bahnhof Chamart\u00edn-Clara Campoamor<\/span><\/a><span style=\"font-weight: 400;\"> (Telefon: +34 913 159 976) oder vom\/zum <\/span><a href=\"https:\/\/www.renfe.com\/es\/es\/cercanias\/cercanias-madrid\/rodajes\/estacion-principe-pio\"><span style=\"font-weight: 400;\">Bahnhof Pr\u00edncipe P\u00edo<\/span><\/a><span style=\"font-weight: 400;\"> (die Z\u00fcge f\u00fcr den letztgenannten Bahnhof werden in der Regel erst ein oder zwei Monate vor dem Reisedatum auf der Online-Plattform angeboten).<\/span><\/li>\n<li style=\"font-weight: 400;\" aria-level=\"1\"><span style=\"font-weight: 400;\">Die Fahrzeit der Z\u00fcge ab <\/span><b>Chamart\u00edn-Clara Campoamor<\/b><span style=\"font-weight: 400;\"> betr\u00e4gt 1 Stunde 40 Minuten. Folgende <\/span><b>Fahrpl\u00e4ne<\/b><span style=\"font-weight: 400;\"> stehen zur Verf\u00fcgung:<\/span>\n<ul>\n<li style=\"font-weight: 400;\" aria-level=\"2\"><span style=\"font-weight: 400;\">Madrid-Salamanca: 8:30, 15:50 und 20:47.<\/span><\/li>\n<li style=\"font-weight: 400;\" aria-level=\"2\"><span style=\"font-weight: 400;\">Salamanca-Madrid: 6:25, 7:15, 15:30 y 16:08 und 18:20.<\/span><\/li>\n<\/ul>\n<\/li>\n<li style=\"font-weight: 400;\" aria-level=\"1\"><span style=\"font-weight: 400;\">Die Fahrzeit der Z\u00fcge ab <\/span><b>Pr\u00edncipe P\u00edo<\/b><span style=\"font-weight: 400;\"> betr\u00e4gt ca. 2 Stunden 50 Minuten. Folgende <\/span><b>Fahrpl\u00e4ne <\/b><span style=\"font-weight: 400;\">stehen zur Verf\u00fcgung:<\/span>\n<ul>\n<li style=\"font-weight: 400;\" aria-level=\"2\"><span style=\"font-weight: 400;\">Madrid-Salamanca: 5:47, 7:35, 9:41, 12:28, 16:42 und 20:01.<\/span><\/li>\n<li style=\"font-weight: 400;\" aria-level=\"2\"><span style=\"font-weight: 400;\">Salamanca-Madrid: 7:40, 11:10, 13:40, 15:25, 17:53, 19:37 und 21:10.<\/span><\/li>\n<\/ul>\n<\/li>\n<\/ul>\n<h4><b>Valladolid-Salamanca<\/b><\/h4>\n<ul>\n<li style=\"font-weight: 400;\" aria-level=\"1\"><b>Fahrplan<\/b><span style=\"font-weight: 400;\">:<\/span>\n<ul>\n<li style=\"font-weight: 400;\" aria-level=\"2\"><span style=\"font-weight: 400;\">Valladolid-Salamanca: 7:35, 9:40, 14:19, 17:00, 18:45, 18:56 und 21:22.<\/span><\/li>\n<li style=\"font-weight: 400;\" aria-level=\"2\"><span style=\"font-weight: 400;\">Salamanca-Valladolid: 6:00, 7:15, 12:28, 14:00, 16:08, 16:42 und 20:50.<\/span><\/li>\n<\/ul>\n<\/li>\n<li style=\"font-weight: 400;\" aria-level=\"1\"><b>Fahrzeit<\/b><span style=\"font-weight: 400;\">: zwischen 1 Stunde und 1 Stunde 30 Minuten.<\/span><\/li>\n<\/ul>\n<h4><b>Barcelona-Salamanca<\/b><\/h4>\n<ul>\n<li style=\"font-weight: 400;\" aria-level=\"1\"><span style=\"font-weight: 400;\">Sie k\u00f6nnen mit dem Zug von Barcelona nach Salamanca fahren und in Madrid umsteigen (Ankunft Madrid, Bahnhof Atocha, Weiterfahrt nach Chamart\u00edn-Clara Campoamor oder Pr\u00edncipe P\u00edo, mit einem im Preis inbegriffenen Cercan\u00edas-Ticket).<\/span><\/li>\n<li style=\"font-weight: 400;\" aria-level=\"1\"><b>Fahrzeit <\/b><span style=\"font-weight: 400;\">insgesamt: zwischen 6 und 9 Stunden.<\/span><\/li>\n<li style=\"font-weight: 400;\" aria-level=\"1\"><b>Fahrplan<\/b><span style=\"font-weight: 400;\">:<\/span>\n<ul>\n<li style=\"font-weight: 400;\" aria-level=\"2\"><span style=\"font-weight: 400;\">Barcelona-Salamanca: 7:40, 9:00, 9:05, 11:00, 13:25, 15:25, 16:00 und 17:25.<\/span><\/li>\n<li style=\"font-weight: 400;\" aria-level=\"2\"><span style=\"font-weight: 400;\">Salamanca-Barcelona: 5:47, 7:35, 8:10, 12:28 und 15:30.<\/span><\/li>\n<\/ul>\n<\/li>\n<\/ul>\n<h4><b>M\u00e1laga-Sevilla-Salamanca<\/b><\/h4>\n<ul>\n<li style=\"font-weight: 400;\" aria-level=\"1\"><span style=\"font-weight: 400;\">Sie k\u00f6nnen mit dem Zug zwischen Sevilla bzw. M\u00e1laga und Salamanca reisen, indem Sie in Madrid umsteigen (Ankunft Madrid, Bahnhof Atocha, Weiterfahrt nach Chamart\u00edn-Clara Campoamor oder Pr\u00edncipe P\u00edo, mit einem im Preis inbegriffenen Nahverkehrs-Ticket).<\/span><\/li>\n<li style=\"font-weight: 400;\" aria-level=\"1\"><b>Fahrzeit <\/b><span style=\"font-weight: 400;\">insgesamt: zwischen 5 Stunden 30 Minuten und 8 Stunden.<\/span><\/li>\n<\/ul>\n<h4><b>Alicante-Salamanca<\/b><\/h4>\n<ul>\n<li style=\"font-weight: 400;\" aria-level=\"1\"><span style=\"font-weight: 400;\">Sie k\u00f6nnen mit dem Zug von Alicante nach Salamanca reisen, indem Sie in Madrid am Bahnhof Chamart\u00edn Clara Campoamor (mit einem im Preis inbegriffenen Nahverkehrs-Ticket) umsteigen oder in Valladolid umsteigen.<\/span><\/li>\n<li style=\"font-weight: 400;\" aria-level=\"1\"><b>Fahrzeit <\/b><span style=\"font-weight: 400;\">insgesamt: zwischen 4 Stunden 45 Minuten und 7 Stunden 30 Minuten.<\/span><\/li>\n<\/ul>\n<h3><b>Mit dem Bus<\/b><\/h3>\n<p><span style=\"font-weight: 400;\">In Salamanca ist der Busbahnhof nur 10 Gehminuten vom Kongressgel\u00e4nde entfernt.<\/span><\/p>\n<h4><b>Madrid-Salamanca<\/b><\/h4>\n<ul>\n<li style=\"font-weight: 400;\" aria-level=\"1\"><span style=\"font-weight: 400;\">Das Unternehmen, das diese Strecke bef\u00e4hrt, ist\u00a0 <\/span><a href=\"https:\/\/www.monbus.es\/es\/rutas-puntos-de-venta\"><span style=\"font-weight: 400;\">Monbus<\/span><\/a><span style=\"font-weight: 400;\">.<\/span><\/li>\n<li style=\"font-weight: 400;\" aria-level=\"1\"><span style=\"font-weight: 400;\">Es fahren st\u00fcndlich Busse vom Busbahnhof <\/span><a href=\"http:\/\/www.estaciondeautobuses.com\/frameset.html\"><b>Estaci\u00f3n Sur (M\u00e9ndez \u00c1lvaro) in Madrid<\/b><\/a><span style=\"font-weight: 400;\"> nach Salamanca von 7:45 bis 22:00 Uhr. Die Fahrt dauert in der Regel etwa 3 Stunden.<\/span><\/li>\n<li style=\"font-weight: 400;\" aria-level=\"1\"><span style=\"font-weight: 400;\">Sie k\u00f6nnen die Fahrkarten im Bus kaufen, aber um sicherzugehen, dass Sie einen Sitzplatz bekommen, ist es ratsam, sie im Voraus auf der Website des Unternehmens zu kaufen. Die Fahrkarten werden in der Regel erst ein paar Monate vor dem Reisedatum auf der Online-Plattform angeboten).<\/span><\/li>\n<\/ul>\n<h4><b>Valladolid-Salamanca<\/b><\/h4>\n<ul>\n<li style=\"font-weight: 400;\" aria-level=\"1\"><span style=\"font-weight: 400;\">Das Unternehmen, das diese Strecke bef\u00e4hrt, ist <\/span><a href=\"http:\/\/www.avanzabus.com\/web\/default.aspx\"><span style=\"font-weight: 400;\">Avanza Bus<\/span><\/a><span style=\"font-weight: 400;\">.<\/span><\/li>\n<li style=\"font-weight: 400;\" aria-level=\"1\"><span style=\"font-weight: 400;\">Es f\u00e4hrt etwa alle zwei Stunden ein Bus.<\/span><\/li>\n<li style=\"font-weight: 400;\" aria-level=\"1\"><b>Fahrzeit<\/b><span style=\"font-weight: 400;\">: 1 Stunde 30 Minuten.<\/span><\/li>\n<\/ul>\n<h4><b>Barcelona-Salamanca<\/b><\/h4>\n<p><span style=\"font-weight: 400;\">Es gibt einen <\/span><a href=\"https:\/\/www.alsa.es\/\"><span style=\"font-weight: 400;\">Alsa-Bus<\/span><\/a><span style=\"font-weight: 400;\"> von Barcelona nach Salamanca, der um 9:00 Uhr abf\u00e4hrt und um 21:30 Uhr ankommt (1 Mal umsteigen), aber derzeit gibt es keine Verbindung von Salamanca nach Barcelona.<\/span><\/p>\n<h4><b>M\u00e1laga-Sevilla-Salamanca<\/b><\/h4>\n<ul>\n<li style=\"font-weight: 400;\" aria-level=\"1\"><span style=\"font-weight: 400;\">Das Unternehmen, das diese Strecke bef\u00e4hrt, ist <\/span><a href=\"https:\/\/www.alsa.es\/\"><span style=\"font-weight: 400;\">Alsa<\/span><\/a><span style=\"font-weight: 400;\">.<\/span><\/li>\n<li style=\"font-weight: 400;\" aria-level=\"1\"><b>Fahrplan<\/b><span style=\"font-weight: 400;\">:<\/span>\n<ul>\n<li style=\"font-weight: 400;\" aria-level=\"2\"><span style=\"font-weight: 400;\">M\u00e1laga-Salamanca: 17:30.<\/span><\/li>\n<li style=\"font-weight: 400;\" aria-level=\"2\"><span style=\"font-weight: 400;\">Sevilla-Salamanca: 8:00, 13:45, 19:00, 20:30.<\/span><\/li>\n<li style=\"font-weight: 400;\" aria-level=\"2\"><span style=\"font-weight: 400;\">Salamanca-Sevilla-M\u00e1laga: 1:20.<\/span><\/li>\n<li style=\"font-weight: 400;\" aria-level=\"2\"><span style=\"font-weight: 400;\">Salamanca-Sevilla: 10:00, 15:00, 23:50.<\/span><\/li>\n<\/ul>\n<\/li>\n<li style=\"font-weight: 400;\" aria-level=\"1\"><b>Fahrzeit<\/b><span style=\"font-weight: 400;\">: zwischen 6 und 7 Stunden (Sevilla); 9 Stunden (M\u00e1laga).<\/span><\/li>\n<\/ul>\n<h4><b>Lissabon-Salamanca<\/b><\/h4>\n<p><span style=\"font-weight: 400;\">Mit <\/span><a href=\"https:\/\/www.flixbus.es\/\"><span style=\"font-weight: 400;\">Flixbus<\/span><\/a><span style=\"font-weight: 400;\"> dauert eine Fahrt von Lissabon nach Salamanca zwischen 8 und 10 Stunden, mit <\/span><a href=\"https:\/\/www.alsa.es\/\"><span style=\"font-weight: 400;\">Alsa<\/span><\/a><span style=\"font-weight: 400;\"> zwischen 7 und 14 Stunden.<\/span><\/p>\n<h4><b>Porto-Salamanca<\/b><\/h4>\n<p><span style=\"font-weight: 400;\">Mit <\/span><a href=\"https:\/\/www.flixbus.es\/\"><span style=\"font-weight: 400;\">Flixbus<\/span><\/a><span style=\"font-weight: 400;\"> dauert eine Fahrt von Porto nach Salamanca zwischen 5 und 7 Stunden, mit <\/span><a href=\"https:\/\/www.alsa.es\/\"><span style=\"font-weight: 400;\">Alsa<\/span><\/a><span style=\"font-weight: 400;\"> zwischen 5 und 10 Stunden.<\/span><\/p>","protected":false},"excerpt":{"rendered":"<p>Anfahrt nach Salamanca Mit dem Flugzeug In der N\u00e4he von Salamanca befinden sich die Flugh\u00e4fen Valladolid (Villanubla) und Madrid (Adolfo Su\u00e1rez-Barajas). Andere Flugh\u00e4fen mit gr\u00f6\u00dferer Anreisezeit nach Salamanca sind Barcelona, M\u00e1laga, Alicante-Elche, Porto (Portugal) und Lissabon (Portugal). Flughafen Madrid Salamanca befindet sich 210 km westlich von Madrid. Es gibt regelm\u00e4\u00dfige Bahn- und Busverbindungen. Der Flughafen <a class=\"read-more\" href=\"https:\/\/stial.usal.es\/de\/como_llegar\/\">Leer m&aacute;s<\/a><\/p>\n","protected":false},"author":1,"featured_media":0,"parent":0,"menu_order":0,"comment_status":"closed","ping_status":"open","template":"","meta":{"footnotes":""},"class_list":["post-2","page","type-page","status-publish","hentry"],"aioseo_notices":[],"_links":{"self":[{"href":"https:\/\/stial.usal.es\/de\/wp-json\/wp\/v2\/pages\/2","targetHints":{"allow":["GET"]}}],"collection":[{"href":"https:\/\/stial.usal.es\/de\/wp-json\/wp\/v2\/pages"}],"about":[{"href":"https:\/\/stial.usal.es\/de\/wp-json\/wp\/v2\/types\/page"}],"author":[{"embeddable":true,"href":"https:\/\/stial.usal.es\/de\/wp-json\/wp\/v2\/users\/1"}],"replies":[{"embeddable":true,"href":"https:\/\/stial.usal.es\/de\/wp-json\/wp\/v2\/comments?post=2"}],"version-history":[{"count":35,"href":"https:\/\/stial.usal.es\/de\/wp-json\/wp\/v2\/pages\/2\/revisions"}],"predecessor-version":[{"id":881,"href":"https:\/\/stial.usal.es\/de\/wp-json\/wp\/v2\/pages\/2\/revisions\/881"}],"wp:attachment":[{"href":"https:\/\/stial.usal.es\/de\/wp-json\/wp\/v2\/media?parent=2"}],"curies":[{"name":"wp","href":"https:\/\/api.w.org\/{rel}","templated":true}]}}