	{"id":261,"date":"2019-04-04T07:53:18","date_gmt":"2019-04-04T07:53:18","guid":{"rendered":"http:\/\/stial.usal.es\/?page_id=261"},"modified":"2025-03-14T16:57:33","modified_gmt":"2025-03-14T16:57:33","slug":"publicacion","status":"publish","type":"page","link":"https:\/\/stial.usal.es\/de\/publicacion\/","title":{"rendered":"Publikation"},"content":{"rendered":"<p><span style=\"font-weight: 400;\">Das STIAL-Organisationskomitee wird eine <\/span><b>Auswahl<\/b><span style=\"font-weight: 400;\"> der auf dem Symposium pr\u00e4sentierten Beitr\u00e4ge in <\/span><b>elektronischer Form (Open Access)<\/b><span style=\"font-weight: 400;\"> bei <\/span><b>Ediciones Universidad de Salamanca<\/b><span style=\"font-weight: 400;\"> ver\u00f6ffentlichen.<\/span><\/p>\n<p><span style=\"font-weight: 400;\">Nach einer ersten Qualit\u00e4tskontrolle, werden alle Beitr\u00e4ge in einem <\/span><b>Double-Blind-Peer-Review-Verfahren<\/b><span style=\"font-weight: 400;\"> begutachtet. Beitr\u00e4ge, die die Anforderungen entsprechen, werden als <\/span><b>Buchkapitel<\/b><span style=\"font-weight: 400;\"> in einem Sammelband erscheinen.<\/span><\/p>\n<p><span style=\"font-weight: 400;\">Referent:innen haben die M\u00f6glichkeit, ihre Beitr\u00e4ge zur Ver\u00f6ffentlichung einzureichen, vorausgesetzt sie erf\u00fcllen wissenschaftliche Qualit\u00e4tskriterien und halten die <a href=\"https:\/\/docs.google.com\/document\/d\/1AeLN7ryNc6JftgdU6s3soZGqMUe8sZBf\/edit?usp=sharing&amp;ouid=117674639583094848719&amp;rtpof=true&amp;sd=true\"><b>Publikationsrichtlinien<\/b><\/a> ein. Zur Auffassung des Beitrags wird die beiliegende <a href=\"https:\/\/drive.google.com\/file\/d\/1g6R5yhvdlK34u1eESKe7VsOfODlKXf0c\/view?usp=sharing\"><b>MS-Word-Vorlage<\/b><\/a> nachdr\u00fccklich empfohlen. <\/span><\/p>\n<p><span style=\"font-weight: 400;\">Potenzielle Autor:innen sind eingeladen, ihre <\/span><b>Manuskripte bis sp\u00e4testens 30. Juni 2025 per E-Mail an <\/b><a href=\"mailto:stial@usal.es\"><b>stial@usal.es<\/b><\/a><b> einzureichen<\/b> <b>(Betreff: \u201cPublikation\u201d)<\/b><span style=\"font-weight: 400;\">.<\/span><\/p>\n<p><span style=\"font-weight: 400;\"><a href=\"https:\/\/drive.google.com\/file\/d\/1g6R5yhvdlK34u1eESKe7VsOfODlKXf0c\/view?usp=sharing\"><b>Download MS-Word-Vorlage <\/b><\/a><\/span>\ud83d\udd17<\/p>\n<p><strong><a href=\"https:\/\/docs.google.com\/document\/d\/1AeLN7ryNc6JftgdU6s3soZGqMUe8sZBf\/edit?usp=sharing&amp;ouid=117674639583094848719&amp;rtpof=true&amp;sd=true\">Download Publikationsrichtlinien \ud83d\udd17<\/a><\/strong><\/p>\n<p><figure id=\"attachment_248\" aria-describedby=\"caption-attachment-248\" style=\"width: 300px\" class=\"wp-caption aligncenter\"><img loading=\"lazy\" decoding=\"async\" class=\"wp-image-248 size-medium\" src=\"http:\/\/stial.usal.es\/wp-content\/uploads\/sites\/4\/2019\/04\/babel-300x216.jpg\" alt=\"\" width=\"300\" height=\"216\" srcset=\"https:\/\/stial.usal.es\/wp-content\/uploads\/sites\/4\/2019\/04\/babel-300x216.jpg 300w, https:\/\/stial.usal.es\/wp-content\/uploads\/sites\/4\/2019\/04\/babel.jpg 630w\" sizes=\"auto, (max-width: 300px) 100vw, 300px\" \/><figcaption id=\"caption-attachment-248\" class=\"wp-caption-text\"><strong>ERIK DESMAZI\u00c8RES, LIBRARY OF BABEL.<\/strong><\/figcaption><\/figure><\/p>","protected":false},"excerpt":{"rendered":"<p>Das STIAL-Organisationskomitee wird eine Auswahl der auf dem Symposium pr\u00e4sentierten Beitr\u00e4ge in elektronischer Form (Open Access) bei Ediciones Universidad de Salamanca ver\u00f6ffentlichen. Nach einer ersten Qualit\u00e4tskontrolle, werden alle Beitr\u00e4ge in einem Double-Blind-Peer-Review-Verfahren begutachtet. Beitr\u00e4ge, die die Anforderungen entsprechen, werden als Buchkapitel in einem Sammelband erscheinen. Referent:innen haben die M\u00f6glichkeit, ihre Beitr\u00e4ge zur Ver\u00f6ffentlichung einzureichen, vorausgesetzt <a class=\"read-more\" href=\"https:\/\/stial.usal.es\/de\/publicacion\/\">Leer m&aacute;s<\/a><\/p>\n","protected":false},"author":31,"featured_media":0,"parent":0,"menu_order":0,"comment_status":"closed","ping_status":"closed","template":"","meta":{"footnotes":""},"class_list":["post-261","page","type-page","status-publish","hentry"],"aioseo_notices":[],"_links":{"self":[{"href":"https:\/\/stial.usal.es\/de\/wp-json\/wp\/v2\/pages\/261","targetHints":{"allow":["GET"]}}],"collection":[{"href":"https:\/\/stial.usal.es\/de\/wp-json\/wp\/v2\/pages"}],"about":[{"href":"https:\/\/stial.usal.es\/de\/wp-json\/wp\/v2\/types\/page"}],"author":[{"embeddable":true,"href":"https:\/\/stial.usal.es\/de\/wp-json\/wp\/v2\/users\/31"}],"replies":[{"embeddable":true,"href":"https:\/\/stial.usal.es\/de\/wp-json\/wp\/v2\/comments?post=261"}],"version-history":[{"count":52,"href":"https:\/\/stial.usal.es\/de\/wp-json\/wp\/v2\/pages\/261\/revisions"}],"predecessor-version":[{"id":1061,"href":"https:\/\/stial.usal.es\/de\/wp-json\/wp\/v2\/pages\/261\/revisions\/1061"}],"wp:attachment":[{"href":"https:\/\/stial.usal.es\/de\/wp-json\/wp\/v2\/media?parent=261"}],"curies":[{"name":"wp","href":"https:\/\/api.w.org\/{rel}","templated":true}]}}