	{"id":364,"date":"2019-10-25T07:58:56","date_gmt":"2019-10-25T07:58:56","guid":{"rendered":"http:\/\/stial.usal.es\/?page_id=364"},"modified":"2019-10-29T17:24:36","modified_gmt":"2019-10-29T17:24:36","slug":"madrid-salamanca","status":"publish","type":"page","link":"https:\/\/stial.usal.es\/de\/madrid-salamanca\/","title":{"rendered":"Madrid-Salamanca"},"content":{"rendered":"<p><\/p>\n<div class=\"page-header\">\n<h1>WEITERE INFORMATIONEN: MADRID \u2013 SALAMANCA<\/h1>\n<\/div>\n<h4>Madrid &#8211; Salamanca (bus):<\/h4>\n<p align=\"justify\">Linienbusse des Unternehmens <a href=\"http:\/\/www.avanzabus.com\/web\/default.aspx\">Avanza Bus<\/a> verkehren mehrmals t\u00e4glich zwischen dem Flughafen Madrid und Salamanca. Die Haltestellen am Flughafen Barajas befinden sich in Terminal 1 und 4. Der zentrale Busbahnhof in Salamanca ist 10 Min. zu Fu\u00df vom Kongressort entfernt. Fahrkarten k\u00f6nnen im Bus gekauft werden. Es empfiehlt sich jedoch der Kauf vor Antritt der Reise, da die Pl\u00e4tze zu Sto\u00dfzeiten ausverkauft sein k\u00f6nnen. Online-Verkauf: \u00a0<a href=\"http:\/\/www.avanzabus.com\/web\/default.aspx\">http:\/\/www.avanzabus.com\/web\/default.aspx<\/a><\/p>\n<p align=\"justify\">Vom Busbahnhof\u00a0<a href=\"http:\/\/www.estaciondeautobuses.com\/frameset.html\" target=\"_blank\" rel=\"noopener noreferrer\">Estaci\u00f3n Sur de Madrid<\/a> in Madrid-Zentrum fahren st\u00fcndlich Busse nach Salamanca.<\/p>\n<hr width=\"50%\" \/>\n<h4>Madrid &#8211; Salamanca (zug)<\/h4>\n<p>Mehrmals t\u00e4glich fahren Z\u00fcge vom \u00a0<a title=\"Estaci\u00f3n de Chamart\u00edn\" href=\"http:\/\/www.adif.es\/es_ES\/infraestructuras\/estaciones\/17000\/informacion_000295.shtml\">Bahnhof Chamart\u00edn<\/a> aus nach Salamanca.(Tel. +34 913 159 976)<\/p>\n<p>Der Bahnhof Chamart\u00edn ist vom Flughafen aus per Taxi oder Metro zu erreichen.<\/p>\n<ul>\n<li><b>Taxi<\/b>: Fahrpreis ca. 15 \u20ac<\/li>\n<li><strong>Metro<\/strong>: Fahrpreis 1,10 \u20ac; mit Linie 8 bis zur Haltestelle Nuevos Ministerios, dann Weiterfahrt mit Linie 10 bis zur Estaci\u00f3n de Chamart\u00edn; Fahrzeit ca. 35 Min. (<a class=\"grande\" href=\"http:\/\/www.metromadrid.es\/es\/viaja_en_metro\/red_de_metro\/planos\/index.html\" target=\"_blank\" rel=\"noopener noreferrer\">Metro<\/a>)<\/li>\n<\/ul>\n<p>Fahrplanauskunft f\u00fcr die Zugverbindung: \u00a0<a href=\"http:\/\/www.renfe.es\/\" target=\"_blank\" rel=\"noopener noreferrer\">www.renfe.es<\/a><\/p>\n<p>Metrolinien in Madrid:<a href=\"https:\/\/planometromadrid.com.es\"> https:\/\/planometromadrid.com.es<\/a><\/p>","protected":false},"excerpt":{"rendered":"<p>WEITERE INFORMATIONEN: MADRID \u2013 SALAMANCA Madrid &#8211; Salamanca (bus): Linienbusse des Unternehmens Avanza Bus verkehren mehrmals t\u00e4glich zwischen dem Flughafen Madrid und Salamanca. Die Haltestellen am Flughafen Barajas befinden sich in Terminal 1 und 4. Der zentrale Busbahnhof in Salamanca ist 10 Min. zu Fu\u00df vom Kongressort entfernt. Fahrkarten k\u00f6nnen im Bus gekauft werden. Es <a class=\"read-more\" href=\"https:\/\/stial.usal.es\/de\/madrid-salamanca\/\">Leer m&aacute;s<\/a><\/p>\n","protected":false},"author":31,"featured_media":0,"parent":0,"menu_order":0,"comment_status":"closed","ping_status":"closed","template":"","meta":{"footnotes":""},"class_list":["post-364","page","type-page","status-publish","hentry"],"aioseo_notices":[],"_links":{"self":[{"href":"https:\/\/stial.usal.es\/de\/wp-json\/wp\/v2\/pages\/364","targetHints":{"allow":["GET"]}}],"collection":[{"href":"https:\/\/stial.usal.es\/de\/wp-json\/wp\/v2\/pages"}],"about":[{"href":"https:\/\/stial.usal.es\/de\/wp-json\/wp\/v2\/types\/page"}],"author":[{"embeddable":true,"href":"https:\/\/stial.usal.es\/de\/wp-json\/wp\/v2\/users\/31"}],"replies":[{"embeddable":true,"href":"https:\/\/stial.usal.es\/de\/wp-json\/wp\/v2\/comments?post=364"}],"version-history":[{"count":4,"href":"https:\/\/stial.usal.es\/de\/wp-json\/wp\/v2\/pages\/364\/revisions"}],"predecessor-version":[{"id":428,"href":"https:\/\/stial.usal.es\/de\/wp-json\/wp\/v2\/pages\/364\/revisions\/428"}],"wp:attachment":[{"href":"https:\/\/stial.usal.es\/de\/wp-json\/wp\/v2\/media?parent=364"}],"curies":[{"name":"wp","href":"https:\/\/api.w.org\/{rel}","templated":true}]}}