	{"id":380,"date":"2019-10-25T15:56:28","date_gmt":"2019-10-25T15:56:28","guid":{"rendered":"http:\/\/stial.usal.es\/?page_id=380"},"modified":"2025-02-03T16:00:46","modified_gmt":"2025-02-03T16:00:46","slug":"alojamiento","status":"publish","type":"page","link":"https:\/\/stial.usal.es\/de\/alojamiento\/","title":{"rendered":"Unterkunft"},"content":{"rendered":"<p><span style=\"font-weight: 400;\">Mit einigen Hotels in Salamanca wurde eine Vereinbarung getroffen, um Unterk\u00fcnfte zu einem Sonderpreis anzubieten.\u00a0<\/span><\/p>\n<p><span style=\"font-weight: 400;\">Zum einen k\u00f6nnen sich die Referent:innen und Konferenzteilnehmer:innen an die <\/span><b>Residencia Universitaria Colegio Mayor Hern\u00e1n<\/b><span style=\"font-weight: 400;\"> Cort\u00e9s wenden, die f\u00fcr Aufenthalte vom 2. bis 4. April 2025 folgende Zimmer anbietet:<\/span><\/p>\n<ul>\n<li style=\"font-weight: 400;\" aria-level=\"1\"><span style=\"font-weight: 400;\">15 EINZELZIMMER<\/span><\/li>\n<li style=\"font-weight: 400;\" aria-level=\"1\"><span style=\"font-weight: 400;\">5 <\/span><span style=\"font-weight: 400;\">ZWEIBETTZIMMER<\/span><\/li>\n<li style=\"font-weight: 400;\" aria-level=\"1\"><span style=\"font-weight: 400;\">3 DOPPELZIMMER<\/span><\/li>\n<\/ul>\n<p><span style=\"font-weight: 400;\">Der Code <\/span><b>STIAL25<\/b><span style=\"font-weight: 400;\"> sollte verwendet werden und die Buchung muss \u00fcber die Website <\/span><a href=\"http:\/\/www.resainn.com\"><span style=\"font-weight: 400;\">www.resainn.com<\/span><\/a><span style=\"font-weight: 400;\"> erfolgen.<\/span><\/p>\n<p><span style=\"font-weight: 400;\">Andererseits k\u00f6nnen Reservierungen in den folgenden Hotels \u00fcber die Agentur Halc\u00f3n Viajes vorgenommen werden. Um Informationen \u00fcber die Verf\u00fcgbarkeit zu erhalten oder eine Reservierung vorzunehmen, <\/span><b>senden Sie bitte eine E-Mail (auf Spanisch oder Englisch) an &lt;<a href=\"mailto:halcon454@halconviajes.com\">halcon454@halconviajes.com<\/a>&gt;<\/b><span style=\"font-weight: 400;\"> mit dem Betreff STIAL und den erforderlichen Angaben (Vor- und Nachname, Personalausweisnummer, An- und Abreisedatum).<\/span><\/p>\n<p><b><a href=\"https:\/\/www.cataloniahotels.com\/es\/hotel\/catalonia-plaza-mayor-salamanca\">HOTEL CATALONIA SALAMANCA PLAZA<\/a>\u00a0<\/b><\/p>\n<ul>\n<li style=\"font-weight: 400;\" aria-level=\"1\"><span style=\"font-weight: 400;\">DOPPELZIMMER: 132\u20ac<\/span><\/li>\n<li style=\"font-weight: 400;\" aria-level=\"1\"><span style=\"font-weight: 400;\">ZWEIBETTZIMMER: 116\u20ac<\/span><\/li>\n<\/ul>\n<p><a href=\"https:\/\/colegiofonseca.usal.es\/\"><b>HOSPEDER\u00cdA FONSECA\u00a0<\/b><\/a><\/p>\n<ul>\n<li style=\"font-weight: 400;\" aria-level=\"1\"><span style=\"font-weight: 400;\">DOPPELZIMMER: 95\u20ac<\/span><\/li>\n<li style=\"font-weight: 400;\" aria-level=\"1\"><span style=\"font-weight: 400;\">EINZELZIMMER: 75\u20ac<\/span><\/li>\n<\/ul>\n<p><a href=\"https:\/\/www.eurostarshotels.com\/eurostars-las-claras.html\"><b>EUROSTAR LAS\u00a0CLARAS<\/b><\/a><\/p>\n<ul>\n<li style=\"font-weight: 400;\" aria-level=\"1\"><span style=\"font-weight: 400;\">DOPPELZIMMER: 1-3 abril, 115\u20ac<\/span><\/li>\n<li style=\"font-weight: 400;\" aria-level=\"1\"><span style=\"font-weight: 400;\">ZWEIBETTZIMMER: 1-3 abril\u00a0 105<\/span><\/li>\n<li style=\"font-weight: 400;\" aria-level=\"1\"><span style=\"font-weight: 400;\">DOPPELZIMMER: 04 abril ,145\u20ac<\/span><\/li>\n<li style=\"font-weight: 400;\" aria-level=\"1\"><span style=\"font-weight: 400;\">ZWEIBETTZIMMER: 135\u20ac<\/span><\/li>\n<\/ul>\n<p><a href=\"https:\/\/www.eurostarshotels.com\/exe-salamanca.html\"><b>EXE SALAMANCA\u00a0<\/b><\/a><\/p>\n<ul>\n<li style=\"font-weight: 400;\" aria-level=\"1\"><span style=\"font-weight: 400;\">DOPPELZIMMER: 1-3 abril, 89\u20ac<\/span><\/li>\n<li style=\"font-weight: 400;\" aria-level=\"1\"><span style=\"font-weight: 400;\">ZWEIBETTZIMMER: 1-3 abril\u00a0 79<\/span><\/li>\n<li style=\"font-weight: 400;\" aria-level=\"1\"><span style=\"font-weight: 400;\">DOPPELZIMMER: 04 abril ,130\u20ac<\/span><\/li>\n<li style=\"font-weight: 400;\" aria-level=\"1\"><span style=\"font-weight: 400;\">ZWEIBETTZIMMER: 120 \u20ac<\/span><\/li>\n<\/ul>\n<p><a href=\"https:\/\/www.abbahoteles.com\/es\/destinos\/abba-fonseca-hotel\/hotel.html\"><b>HOTEL ABBA FONSECA<\/b><\/a><\/p>\n<ul>\n<li style=\"font-weight: 400;\" aria-level=\"1\"><span style=\"font-weight: 400;\">ZWEIBETTZIMMER: 126\u20ac<\/span><\/li>\n<\/ul>\n<p><\/p>","protected":false},"excerpt":{"rendered":"<p>Mit einigen Hotels in Salamanca wurde eine Vereinbarung getroffen, um Unterk\u00fcnfte zu einem Sonderpreis anzubieten.\u00a0 Zum einen k\u00f6nnen sich die Referent:innen und Konferenzteilnehmer:innen an die Residencia Universitaria Colegio Mayor Hern\u00e1n Cort\u00e9s wenden, die f\u00fcr Aufenthalte vom 2. bis 4. April 2025 folgende Zimmer anbietet: 15 EINZELZIMMER 5 ZWEIBETTZIMMER 3 DOPPELZIMMER Der Code STIAL25 sollte verwendet <a class=\"read-more\" href=\"https:\/\/stial.usal.es\/de\/alojamiento\/\">Leer m&aacute;s<\/a><\/p>\n","protected":false},"author":31,"featured_media":0,"parent":0,"menu_order":0,"comment_status":"closed","ping_status":"closed","template":"","meta":{"footnotes":""},"class_list":["post-380","page","type-page","status-publish","hentry"],"aioseo_notices":[],"_links":{"self":[{"href":"https:\/\/stial.usal.es\/de\/wp-json\/wp\/v2\/pages\/380","targetHints":{"allow":["GET"]}}],"collection":[{"href":"https:\/\/stial.usal.es\/de\/wp-json\/wp\/v2\/pages"}],"about":[{"href":"https:\/\/stial.usal.es\/de\/wp-json\/wp\/v2\/types\/page"}],"author":[{"embeddable":true,"href":"https:\/\/stial.usal.es\/de\/wp-json\/wp\/v2\/users\/31"}],"replies":[{"embeddable":true,"href":"https:\/\/stial.usal.es\/de\/wp-json\/wp\/v2\/comments?post=380"}],"version-history":[{"count":84,"href":"https:\/\/stial.usal.es\/de\/wp-json\/wp\/v2\/pages\/380\/revisions"}],"predecessor-version":[{"id":1002,"href":"https:\/\/stial.usal.es\/de\/wp-json\/wp\/v2\/pages\/380\/revisions\/1002"}],"wp:attachment":[{"href":"https:\/\/stial.usal.es\/de\/wp-json\/wp\/v2\/media?parent=380"}],"curies":[{"name":"wp","href":"https:\/\/api.w.org\/{rel}","templated":true}]}}