	{"id":815,"date":"2024-09-14T17:10:18","date_gmt":"2024-09-14T17:10:18","guid":{"rendered":"https:\/\/stial.usal.es\/?page_id=815"},"modified":"2024-11-11T13:34:55","modified_gmt":"2024-11-11T13:34:55","slug":"bienvenida-2","status":"publish","type":"page","link":"https:\/\/stial.usal.es\/de\/","title":{"rendered":"DAS SYMPOSIUM"},"content":{"rendered":"<p><\/p>\n<blockquote><p><strong>STIAL VII &#8211; 2.-4. April 2025<\/strong><\/p><\/blockquote>\n<p><span style=\"font-weight: 400;\">Das <\/span><b>Symposium f\u00fcr \u00dcbersetzung und Dolmetschen Spanisch-Deutsch-Spanisch<\/b><span style=\"font-weight: 400;\"> (STIAL), das 1999 initiiert wurde, findet 2025 bereits zum\u00a0siebten Mal statt. Der gro\u00dfe Anklang von STIAL I-VI, sowie die Unterst\u00fctzung w\u00e4hrend der Corona-Pandemie, haben die Deutsch Abteilung des Departamento de Traducci\u00f3n e Interpretaci\u00f3n der Universit\u00e4t Salamanca dazu motiviert, ein weiteres Treffen zu gestalten. Dabei setzen wir erneut auf das kleine, aber feine Pr\u00e4senzformat, das der STIAL-Familie eigen ist.\u00a0<\/span><\/p>\n<p><span style=\"font-weight: 400;\">Dieses Symposium soll vorrangig Lehrenden aus dem Bereich \u00dcbersetzen und Dolmetschen die M\u00f6glichkeit bieten, die neuesten Forschungsergebnisse darzulegen und die Entwicklungen unseres Fachs zu er\u00f6rtern. Professionelle \u00dcbersetzer:innen und Dolmetscher:innen sind ebenfalls wilkommen.<\/span><\/p>\n<p><span style=\"font-weight: 400;\">Als ein offenes Forum f\u00fcr den Austausch zwischen Theorie und Praxis, werden neben <\/span><b>Kurzvortr\u00e4gen<\/b><span style=\"font-weight: 400;\"> (20 Minuten) auch <\/span><b>Workshops<\/b><span style=\"font-weight: 400;\"> (90 Minuten) bzw. <\/span><b>Erfahrungsberichte<\/b><span style=\"font-weight: 400;\"> aus der Praxis (20 Minuten) zu den folgenden <\/span><a href=\"https:\/\/stial.usal.es\/secciones-tematicas\/\"><span style=\"font-weight: 400;\">Themenbereichen<\/span><\/a><span style=\"font-weight: 400;\"> erwartet.<\/span><\/p>\n<p><span style=\"font-weight: 400;\">Es ist au\u00dferdem ein Bereich f\u00fcr den <\/span><b>Nachwuchs<\/b><span style=\"font-weight: 400;\"> vorgesehen, in dem Studierende aus dem letzten Studienjahr, Bachelor- oder Masterabsolvent:innen sowie Doktorand:innen Raum f\u00fcr ihre Beitr\u00e4ge in Form von Kurzreferaten finden k\u00f6nnen.<\/span><\/p>\n<p><span style=\"font-weight: 400;\">Die Tagungssprachen sind <\/span><b>Deutsch<\/b><span style=\"font-weight: 400;\"> und <\/span><b>Spanisch<\/b><span style=\"font-weight: 400;\">.<\/span><\/p>\n<p><span style=\"font-weight: 400;\">Unter <a href=\"https:\/\/stial.usal.es\/convocatoria\/\">CfP<\/a> finded Sie alle Informationen zur Einsendung von Abstracts.<\/span><\/p>\n<p><span style=\"font-weight: 400;\">Unter <\/span><a title=\"CfP\" href=\"https:\/\/stial.usal.es\/inscripcion-2\/\"><span style=\"font-weight: 400;\">CfP\u00a0<\/span><\/a><span style=\"font-weight: 400;\"> findet Sie alle Informationen zur Einschreibung.<\/span><\/p>\n<p><span style=\"font-weight: 400;\">Bei Fragen ist das Organisationsteam unter <\/span><a href=\"mailto:stial@usal.es\"><span style=\"font-weight: 400;\">stial@usal.es<\/span><\/a><span style=\"font-weight: 400;\"> zu erreichen.<\/span><\/p>\n<p><span style=\"font-weight: 400;\">Sie finden uns ebenfalls in den sozialen Medien: <a href=\"https:\/\/x.com\/Stial_VII\">X<\/a> und <a href=\"https:\/\/www.instagram.com\/stial_vii\/\">Instagram<\/a>.<\/span><\/p>\n<p><a href=\"https:\/\/x.com\/Stial_VII\"><img loading=\"lazy\" decoding=\"async\" class=\"\" src=\"https:\/\/external-content.duckduckgo.com\/iu\/?u=https%3A%2F%2Ftse2.mm.bing.net%2Fth%3Fid%3DOIP.8aNlzkh1KyDMb3mOEbs9BgHaHa%26pid%3DApi&amp;f=1&amp;ipt=997881caace9ba83a65c47d5c9b819d7da1837ceb12bc1d3b61f6d2ce724e442&amp;ipo=images\" alt=\"Premium Vector | New twitter logo x with circle badge\" width=\"39\" height=\"39\" \/><\/a> <a href=\"https:\/\/www.instagram.com\/stial_vii\/\"><img loading=\"lazy\" decoding=\"async\" class=\"\" style=\"font-style: inherit;\" src=\"https:\/\/external-content.duckduckgo.com\/iu\/?u=https%3A%2F%2Fstatic.vecteezy.com%2Fsystem%2Fresources%2Fpreviews%2F009%2F673%2F727%2Foriginal%2Fglossy-instagram-3d-render-icon-free-png.png&amp;f=1&amp;nofb=1&amp;ipt=d6d02214070903f960e0172223889e4f02e9f58b630c9869c1fac9eb4825404d&amp;ipo=images\" alt=\"\u00edcone Instagram PNGs para download gratuito\" width=\"39\" height=\"39\" \/><span style=\"font-size: 15px;\">\u00a0<\/span><\/a><\/p>\n<p><span style=\"font-weight: 400;\">Wir sehen uns in Salamanca!<\/span><\/p>\n<p><strong><span style=\"color: #0000ff;\">Wichtige Termine<\/span><\/strong><\/p>\n<ul>\n<li style=\"font-weight: 400;\" aria-level=\"1\"><b>Anmeldung:<\/b><span style=\"font-weight: 400;\"> 16. September 2024 bis zum 31. M\u00e4rz 2025<\/span><\/li>\n<li style=\"font-weight: 400;\" aria-level=\"1\"><b>Einreichung von Abstracts:<\/b><span style=\"font-weight: 400;\"> 16. September bis 30. November 2024<\/span><\/li>\n<li style=\"font-weight: 400;\" aria-level=\"1\"><b>Benachrichtigung \u00fcber die Annahme:<\/b><span style=\"font-weight: 400;\"> vor dem 31. Dezember 2025<\/span><\/li>\n<li style=\"font-weight: 400;\" aria-level=\"1\"><b style=\"font-family: inherit; font-style: inherit;\">Symposium in Salamanca:<\/b><span style=\"font-weight: 400;\"> 2. bis 4. April 2025<\/span><\/li>\n<\/ul>\n<p><\/p>","protected":false},"excerpt":{"rendered":"<p>STIAL VII &#8211; 2.-4. April 2025 Das Symposium f\u00fcr \u00dcbersetzung und Dolmetschen Spanisch-Deutsch-Spanisch (STIAL), das 1999 initiiert wurde, findet 2025 bereits zum\u00a0siebten Mal statt. Der gro\u00dfe Anklang von STIAL I-VI, sowie die Unterst\u00fctzung w\u00e4hrend der Corona-Pandemie, haben die Deutsch Abteilung des Departamento de Traducci\u00f3n e Interpretaci\u00f3n der Universit\u00e4t Salamanca dazu motiviert, ein weiteres Treffen zu <a class=\"read-more\" href=\"https:\/\/stial.usal.es\/de\/\">Leer m&aacute;s<\/a><\/p>\n","protected":false},"author":31,"featured_media":0,"parent":0,"menu_order":0,"comment_status":"closed","ping_status":"closed","template":"","meta":{"footnotes":""},"class_list":["post-815","page","type-page","status-publish","hentry"],"aioseo_notices":[],"_links":{"self":[{"href":"https:\/\/stial.usal.es\/de\/wp-json\/wp\/v2\/pages\/815","targetHints":{"allow":["GET"]}}],"collection":[{"href":"https:\/\/stial.usal.es\/de\/wp-json\/wp\/v2\/pages"}],"about":[{"href":"https:\/\/stial.usal.es\/de\/wp-json\/wp\/v2\/types\/page"}],"author":[{"embeddable":true,"href":"https:\/\/stial.usal.es\/de\/wp-json\/wp\/v2\/users\/31"}],"replies":[{"embeddable":true,"href":"https:\/\/stial.usal.es\/de\/wp-json\/wp\/v2\/comments?post=815"}],"version-history":[{"count":24,"href":"https:\/\/stial.usal.es\/de\/wp-json\/wp\/v2\/pages\/815\/revisions"}],"predecessor-version":[{"id":1047,"href":"https:\/\/stial.usal.es\/de\/wp-json\/wp\/v2\/pages\/815\/revisions\/1047"}],"wp:attachment":[{"href":"https:\/\/stial.usal.es\/de\/wp-json\/wp\/v2\/media?parent=815"}],"curies":[{"name":"wp","href":"https:\/\/api.w.org\/{rel}","templated":true}]}}