	{"id":816,"date":"2024-09-14T17:07:17","date_gmt":"2024-09-14T17:07:17","guid":{"rendered":"https:\/\/stial.usal.es\/?page_id=816"},"modified":"2025-02-03T16:19:28","modified_gmt":"2025-02-03T16:19:28","slug":"inscripcion-2","status":"publish","type":"page","link":"https:\/\/stial.usal.es\/de\/inscripcion-2\/","title":{"rendered":"Anmeldung"},"content":{"rendered":"<p><strong><span style=\"color: #3366ff;\">Einschreibung und Fristen<\/span><\/strong><\/p>\n<p><span style=\"font-weight: 400;\">Die Einschreibung ist obligatorisch und erfolgt ausschlie\u00dflich \u00fcber die Webseite des <\/span><a href=\"https:\/\/vaporetto.usal.es\/preactform\/detalleCurso?codigo_curso=6213&amp;ano_academico=2025&amp;convocatoria=1\"><span style=\"font-weight: 400;\">Centro de Formaci\u00f3n Permanente<\/span><\/a><span style=\"font-weight: 400;\"> der Universit\u00e4t Salamanca (Infos auf Spanisch und Englisch).\u00a0<\/span><\/p>\n<p><strong><span style=\"color: #3366ff;\">Teilnahmem\u00f6glichkeiten:<\/span><\/strong><\/p>\n<p style=\"padding-left: 40px;\"><span style=\"font-weight: 400;\">a) Mit Beitrag (Kurzreferat\/Workshop\/Einblick in die Berufspraxis)<\/span><\/p>\n<p><span style=\"font-weight: 400;\">Senden Sie bitte das ausgef\u00fcllte <\/span><a href=\"https:\/\/forms.gle\/Jnd4ofdPX4W7pyd99\"><span style=\"font-weight: 400;\">Formular<\/span><\/a><span style=\"font-weight: 400;\">.\u00a0<\/span><\/p>\n<p style=\"padding-left: 40px;\"><span style=\"font-weight: 400;\">b) Ohne Beitrag<\/span><\/p>\n<p><strong><span style=\"color: #3366ff;\">Anmeldefristen und Einreichung von Abstracts<\/span><\/strong><\/p>\n<p><b>Anmeldung:<\/b><span style=\"font-weight: 400;\"> 16. September 2024 bis zum 31. M\u00e4rz 2025<\/span><\/p>\n<p><b>Einreichung von Abstracts:<\/b><span style=\"font-weight: 400;\"> 16. September bis 30. November 2024<\/span><\/p>\n<p><b>Benachrichtigung \u00fcber die Annahme:<\/b><span style=\"font-weight: 400;\"> vor dem 31. Dezember 2024<\/span><\/p>\n<p><strong><span style=\"color: #3366ff;\">Anmeldegeb\u00fchr<\/span><\/strong><\/p>\n<table style=\"width: 101.208%; height: 142px;\">\n<tbody>\n<tr style=\"height: 26px;\">\n<td style=\"height: 26px; width: 88.5266%;\">Teilnahme<\/td>\n<td style=\"height: 26px; width: 12.4396%;\"><span style=\"font-weight: 400;\">Geb\u00fchr (Euro)<\/span><\/td>\n<\/tr>\n<tr style=\"height: 24px;\">\n<td style=\"height: 24px; width: 88.5266%;\"><span style=\"font-weight: 400;\">Standard: Berufspraktiker:innen, Dozent:innen mit unbefristetem Vertrag <\/span><span style=\"font-weight: 400;\">(mit Beitrag)<\/span><\/td>\n<td style=\"height: 24px; width: 12.4396%;\"><span style=\"font-weight: 400;\">130<\/span><\/td>\n<\/tr>\n<tr style=\"height: 46px;\">\n<td style=\"height: 46px; width: 88.5266%;\"><span style=\"font-weight: 400;\">Erm\u00e4\u00dfigt 1*: Dozent:innen mit befristetem Vertrag, Lehrbeauftragte, selbstst\u00e4ndige Forscher:innen\u00a0 <\/span><span style=\"font-weight: 400;\">(mit Beitrag)<\/span><\/td>\n<td style=\"height: 46px; width: 12.4396%;\"><span style=\"font-weight: 400;\">100<\/span><\/td>\n<\/tr>\n<tr style=\"height: 46px;\">\n<td style=\"height: 46px; width: 88.5266%;\"><span style=\"font-weight: 400;\">Erm\u00e4\u00dfigt 2*: Studierende (Bachelor, Master, Promotion) und Teilnehmer:innen ohne Beitrag <\/span><span style=\"font-weight: 400;\">(Teilnahmebest\u00e4tigung)<\/span><\/td>\n<td style=\"height: 46px; width: 12.4396%;\"><span style=\"font-weight: 400;\">70<\/span><\/td>\n<\/tr>\n<tr style=\"height: 46px;\">\n<td style=\"height: 46px; width: 88.5266%;\"><span style=\"font-weight: 400;\">Erm\u00e4\u00dfigt 3*: Studierende der Fakult\u00e4t f\u00fcr \u00dcbersetzungs- und Informationswissenschaften der USAL (Bachelor, Master, Doktorand:innen ohne Beitrag) <\/span><span style=\"font-weight: 400;\">(Teilnahmebest\u00e4tigung)<\/span><\/td>\n<td style=\"height: 46px; width: 12.4396%;\"><span style=\"font-weight: 400;\">60<\/span><\/td>\n<\/tr>\n<\/tbody>\n<\/table>\n<p><span style=\"font-weight: 400;\">*Die Erm\u00e4\u00dfigung bedarf des entsprechenden Dokumentennachweis.<\/span><\/p>","protected":false},"excerpt":{"rendered":"<p>Einschreibung und Fristen Die Einschreibung ist obligatorisch und erfolgt ausschlie\u00dflich \u00fcber die Webseite des Centro de Formaci\u00f3n Permanente der Universit\u00e4t Salamanca (Infos auf Spanisch und Englisch).\u00a0 Teilnahmem\u00f6glichkeiten: a) Mit Beitrag (Kurzreferat\/Workshop\/Einblick in die Berufspraxis) Senden Sie bitte das ausgef\u00fcllte Formular.\u00a0 b) Ohne Beitrag Anmeldefristen und Einreichung von Abstracts Anmeldung: 16. September 2024 bis zum 31. <a class=\"read-more\" href=\"https:\/\/stial.usal.es\/de\/inscripcion-2\/\">Leer m&aacute;s<\/a><\/p>\n","protected":false},"author":31,"featured_media":0,"parent":0,"menu_order":0,"comment_status":"closed","ping_status":"closed","template":"","meta":{"footnotes":""},"class_list":["post-816","page","type-page","status-publish","hentry"],"aioseo_notices":[],"_links":{"self":[{"href":"https:\/\/stial.usal.es\/de\/wp-json\/wp\/v2\/pages\/816","targetHints":{"allow":["GET"]}}],"collection":[{"href":"https:\/\/stial.usal.es\/de\/wp-json\/wp\/v2\/pages"}],"about":[{"href":"https:\/\/stial.usal.es\/de\/wp-json\/wp\/v2\/types\/page"}],"author":[{"embeddable":true,"href":"https:\/\/stial.usal.es\/de\/wp-json\/wp\/v2\/users\/31"}],"replies":[{"embeddable":true,"href":"https:\/\/stial.usal.es\/de\/wp-json\/wp\/v2\/comments?post=816"}],"version-history":[{"count":23,"href":"https:\/\/stial.usal.es\/de\/wp-json\/wp\/v2\/pages\/816\/revisions"}],"predecessor-version":[{"id":1003,"href":"https:\/\/stial.usal.es\/de\/wp-json\/wp\/v2\/pages\/816\/revisions\/1003"}],"wp:attachment":[{"href":"https:\/\/stial.usal.es\/de\/wp-json\/wp\/v2\/media?parent=816"}],"curies":[{"name":"wp","href":"https:\/\/api.w.org\/{rel}","templated":true}]}}