	{"id":83,"date":"2019-02-14T09:35:05","date_gmt":"2019-02-14T09:35:05","guid":{"rendered":"http:\/\/stial.usal.es\/?page_id=83"},"modified":"2024-09-16T10:41:06","modified_gmt":"2024-09-16T10:41:06","slug":"secciones-tematicas","status":"publish","type":"page","link":"https:\/\/stial.usal.es\/de\/secciones-tematicas\/","title":{"rendered":"Sektionen"},"content":{"rendered":"<p><strong>S1. H<\/strong>istorische Perspektiven des \u00dcbersetzens<\/p>\n<p><strong>S2. \u00dc<\/strong>bersetzungstheorie<\/p>\n<p><strong>S3. \u00dc<\/strong>bersetzungsdidaktik<\/p>\n<p><strong>S4. K<\/strong>onstrastive Grammatik: Spanisch-Deutsch<\/p>\n<p><strong>S5. L<\/strong>inguistik und \u00dcbersetzen<\/p>\n<p><strong>S6. L<\/strong>iterarisches \u00dcbersetzen<\/p>\n<p><strong>S7. F<\/strong>ach\u00fcbersetzen<\/p>\n<p><strong>S8. A<\/strong>udiovisuelles \u00dcbersetzen<\/p>\n<p><strong>S9. T<\/strong>ranslation Technologies<\/p>\n<p><strong>S10. D<\/strong>olmetschen<\/p>\n<h3><span style=\"color: #3366ff;\">Format<\/span><\/h3>\n<ul>\n<li><span style=\"font-size: 12pt;\">Kurzreferate<\/span><\/li>\n<li><span style=\"font-size: 12pt;\">Workshop<\/span><\/li>\n<li><span style=\"font-size: 12pt;\">Einblick in die Berufswelt<\/span><\/li>\n<\/ul>\n<p><\/p>","protected":false},"excerpt":{"rendered":"<p>S1. Historische Perspektiven des \u00dcbersetzens S2. \u00dcbersetzungstheorie S3. \u00dcbersetzungsdidaktik S4. Konstrastive Grammatik: Spanisch-Deutsch S5. Linguistik und \u00dcbersetzen S6. Literarisches \u00dcbersetzen S7. Fach\u00fcbersetzen S8. Audiovisuelles \u00dcbersetzen S9. Translation Technologies S10. Dolmetschen Format Kurzreferate Workshop Einblick in die Berufswelt<\/p>\n","protected":false},"author":1,"featured_media":0,"parent":0,"menu_order":0,"comment_status":"closed","ping_status":"closed","template":"","meta":{"footnotes":""},"class_list":["post-83","page","type-page","status-publish","hentry"],"aioseo_notices":[],"_links":{"self":[{"href":"https:\/\/stial.usal.es\/de\/wp-json\/wp\/v2\/pages\/83","targetHints":{"allow":["GET"]}}],"collection":[{"href":"https:\/\/stial.usal.es\/de\/wp-json\/wp\/v2\/pages"}],"about":[{"href":"https:\/\/stial.usal.es\/de\/wp-json\/wp\/v2\/types\/page"}],"author":[{"embeddable":true,"href":"https:\/\/stial.usal.es\/de\/wp-json\/wp\/v2\/users\/1"}],"replies":[{"embeddable":true,"href":"https:\/\/stial.usal.es\/de\/wp-json\/wp\/v2\/comments?post=83"}],"version-history":[{"count":22,"href":"https:\/\/stial.usal.es\/de\/wp-json\/wp\/v2\/pages\/83\/revisions"}],"predecessor-version":[{"id":909,"href":"https:\/\/stial.usal.es\/de\/wp-json\/wp\/v2\/pages\/83\/revisions\/909"}],"wp:attachment":[{"href":"https:\/\/stial.usal.es\/de\/wp-json\/wp\/v2\/media?parent=83"}],"curies":[{"name":"wp","href":"https:\/\/api.w.org\/{rel}","templated":true}]}}