	{"id":860,"date":"2024-09-15T18:36:23","date_gmt":"2024-09-15T18:36:23","guid":{"rendered":"https:\/\/stial.usal.es\/?page_id=860"},"modified":"2024-09-16T11:05:07","modified_gmt":"2024-09-16T11:05:07","slug":"convocatoria","status":"publish","type":"page","link":"https:\/\/stial.usal.es\/de\/convocatoria\/","title":{"rendered":"CfP"},"content":{"rendered":"<p><span style=\"color: #3366ff;\"><b>Einsendung von Abstracts<\/b><\/span><\/p>\n<p>\ud83d\udce5 <span style=\"color: #ff6600;\"><strong><a style=\"color: #ff6600;\" href=\"https:\/\/drive.google.com\/file\/d\/118BgGegNNOkCgIRGUCKA9J5bmT2_0lU_\/view?usp=sharing\">PDF<\/a><\/strong><\/span><\/p>\n<p><span style=\"font-weight: 400;\">Dieses Symposium soll vorrangig Lehrenden und aus dem Bereich \u00dcbersetzen und Dolmetschen die M\u00f6glichkeit bieten, die neuesten Forschungsergebnisse darzulegen und die Entwicklungen unseres Fachs zu er\u00f6rtern. Professionelle \u00dcbersetzer:innen und Dolmetscher:innen sind ebenfalls wilkommen.<\/span><\/p>\n<p><span style=\"font-weight: 400;\">Als ein offenes Forum f\u00fcr den Austausch zwischen Theorie und Praxis, werden neben <\/span><b>Kurzvortr\u00e4gen<\/b><span style=\"font-weight: 400;\"> (20 Minuten) auch <\/span><b>Workshops<\/b><span style=\"font-weight: 400;\"> (90 Minuten) bzw. <\/span><b>Erfahrungsberichte<\/b><span style=\"font-weight: 400;\"> aus der Praxis (20 Minuten) zu den folgenden Themenbereichen:<\/span><\/p>\n<p><span style=\"font-weight: 400;\">S1. Historische Perspektiven des \u00dcbersetzens<\/span><\/p>\n<p><span style=\"font-weight: 400;\">S2. \u00dcbersetzungstheorie<\/span><\/p>\n<p><span style=\"font-weight: 400;\">S3. \u00dcbersetzungsdidaktik<\/span><\/p>\n<p><span style=\"font-weight: 400;\">S4. Konstrastive Grammatik: Spanisch-Deutsch<\/span><\/p>\n<p><span style=\"font-weight: 400;\">S5. Linguistik und \u00dcbersetzen<\/span><\/p>\n<p><span style=\"font-weight: 400;\">S6. Literarisches \u00dcbersetzen<\/span><\/p>\n<p><span style=\"font-weight: 400;\">S7. Fach\u00fcbersetzen<\/span><\/p>\n<p><span style=\"font-weight: 400;\">S8. Audiovisuelles \u00dcbersetzen<\/span><\/p>\n<p><span style=\"font-weight: 400;\">S9. Translation Technologies<\/span><\/p>\n<p><span style=\"font-weight: 400;\">S10. Dolmetschen<\/span><\/p>\n<p><span style=\"font-weight: 400;\">Es ist au\u00dferdem ein Bereich f\u00fcr den <\/span><b>Nachwuchs<\/b><span style=\"font-weight: 400;\"> vorgesehen, in dem Studierende aus dem letzten Studienjahr, Bachelor- oder Masterabsolvent:innen sowie Doktorand:innen Raum f\u00fcr ihre Beitr\u00e4ge in Form von Kurzreferaten finden k\u00f6nnen.<\/span><\/p>\n<p><span style=\"font-weight: 400;\">Die Tagungssprachen sind <\/span><b>Deutsch<\/b><span style=\"font-weight: 400;\"> und <\/span><b>Spanisch<\/b><span style=\"font-weight: 400;\">.<\/span><\/p>\n<p><span style=\"font-weight: 400;\">Zur <strong>Einreichung eines Abstracts<\/strong> nutzen Sie bitte folgendes <\/span><a href=\"https:\/\/forms.gle\/afA4z9r3ZERsuC4N8\"><span style=\"font-weight: 400;\">Formular<\/span><\/a><span style=\"font-weight: 400;\">. <\/span><b>Einsendefrist:<\/b> <b>bis zum 30. November 2024.<\/b><\/p>\n<p><span style=\"font-weight: 400;\">Die <strong>Teilnahme<\/strong> am Symposium bedarf einer offiziellen <\/span><a href=\"https:\/\/stial.usal.es\/inscripcion-2\/\"><span style=\"font-weight: 400;\">Anmeldung<\/span><\/a><span style=\"font-weight: 400;\">.\u00a0\u00a0<\/span><\/p>\n<p><span style=\"font-weight: 400;\">Bei <\/span><b>Fragen zum Ablauf des Symposiums<\/b><span style=\"font-weight: 400;\"> ist das Organisationsteam unter <\/span><a href=\"mailto:stial@usal.es\"><span style=\"font-weight: 400;\">stial@usal.es<\/span><\/a><span style=\"font-weight: 400;\"> zu erreichen.<\/span><\/p>\n<p><span style=\"font-weight: 400;\">Bei <b>Fragen zur Anmeldung<\/b> ist der\u00a0<a style=\"font-size: 15px;\" href=\"https:\/\/vaporetto.usal.es\/preactform\/detalleCurso?codigo_curso=6213&amp;ano_academico=2025&amp;convocatoria=1\">Centro de Formaci\u00f3n Permanente de la Universidad de Salamanca<\/a> unter <a style=\"font-size: 15px;\" href=\"mailto:formacionpermanente@usal.es\">formacionpermanente@usal.es<\/a>\u00a0 auf Spanisch oder Englisch zu erreichen.<\/span><\/p>\n<p><span style=\"font-weight: 400;\">Sie finden uns ebenfalls in den sozialen Medien:\u00a0<\/span><a style=\"font-size: 15px;\" href=\"https:\/\/x.com\/Stial_VII\">X<\/a>\u00a0e\u00a0<a style=\"font-size: 15px;\" href=\"https:\/\/www.instagram.com\/stial_vii\/\">Instagram<\/a>.<\/p>\n<p><a style=\"font-family: Lato, sans-serif; font-size: 15px; font-style: normal; font-weight: 300; color: #3f84a4;\" href=\"https:\/\/x.com\/Stial_VII\"><img loading=\"lazy\" decoding=\"async\" class=\"\" src=\"https:\/\/external-content.duckduckgo.com\/iu\/?u=https%3A%2F%2Ftse2.mm.bing.net%2Fth%3Fid%3DOIP.8aNlzkh1KyDMb3mOEbs9BgHaHa%26pid%3DApi&amp;f=1&amp;ipt=997881caace9ba83a65c47d5c9b819d7da1837ceb12bc1d3b61f6d2ce724e442&amp;ipo=images\" alt=\"Premium Vector | New twitter logo x with circle badge\" width=\"39\" height=\"39\" \/><\/a><span style=\"font-family: Lato, sans-serif; font-size: 15px; font-style: normal; font-weight: 300;\">\u00a0<\/span><a style=\"font-family: Lato, sans-serif; font-size: 15px; font-style: normal; font-weight: 300;\" href=\"https:\/\/www.instagram.com\/stial_vii\/\"><img loading=\"lazy\" decoding=\"async\" class=\"\" style=\"font-style: inherit;\" src=\"https:\/\/external-content.duckduckgo.com\/iu\/?u=https%3A%2F%2Fstatic.vecteezy.com%2Fsystem%2Fresources%2Fpreviews%2F009%2F673%2F727%2Foriginal%2Fglossy-instagram-3d-render-icon-free-png.png&amp;f=1&amp;nofb=1&amp;ipt=d6d02214070903f960e0172223889e4f02e9f58b630c9869c1fac9eb4825404d&amp;ipo=images\" alt=\"\u00edcone Instagram PNGs para download gratuito\" width=\"39\" height=\"39\" \/><span style=\"font-size: 15px;\">\u00a0<\/span><\/a><\/p>\n<p><span style=\"font-weight: 400;\">Wir sehen uns in Salamanca!<\/span><\/p>\n<p>\ud83d\udce5 <span style=\"color: #ff6600;\"><strong><a style=\"color: #ff6600;\" href=\"https:\/\/drive.google.com\/file\/d\/118BgGegNNOkCgIRGUCKA9J5bmT2_0lU_\/view?usp=sharing\">PDF<\/a><\/strong><\/span><\/p>","protected":false},"excerpt":{"rendered":"<p>Einsendung von Abstracts \ud83d\udce5 PDF Dieses Symposium soll vorrangig Lehrenden und aus dem Bereich \u00dcbersetzen und Dolmetschen die M\u00f6glichkeit bieten, die neuesten Forschungsergebnisse darzulegen und die Entwicklungen unseres Fachs zu er\u00f6rtern. Professionelle \u00dcbersetzer:innen und Dolmetscher:innen sind ebenfalls wilkommen. Als ein offenes Forum f\u00fcr den Austausch zwischen Theorie und Praxis, werden neben Kurzvortr\u00e4gen (20 Minuten) auch <a class=\"read-more\" href=\"https:\/\/stial.usal.es\/de\/convocatoria\/\">Leer m&aacute;s<\/a><\/p>\n","protected":false},"author":31,"featured_media":0,"parent":0,"menu_order":0,"comment_status":"closed","ping_status":"closed","template":"","meta":{"footnotes":""},"class_list":["post-860","page","type-page","status-publish","hentry"],"aioseo_notices":[],"_links":{"self":[{"href":"https:\/\/stial.usal.es\/de\/wp-json\/wp\/v2\/pages\/860","targetHints":{"allow":["GET"]}}],"collection":[{"href":"https:\/\/stial.usal.es\/de\/wp-json\/wp\/v2\/pages"}],"about":[{"href":"https:\/\/stial.usal.es\/de\/wp-json\/wp\/v2\/types\/page"}],"author":[{"embeddable":true,"href":"https:\/\/stial.usal.es\/de\/wp-json\/wp\/v2\/users\/31"}],"replies":[{"embeddable":true,"href":"https:\/\/stial.usal.es\/de\/wp-json\/wp\/v2\/comments?post=860"}],"version-history":[{"count":19,"href":"https:\/\/stial.usal.es\/de\/wp-json\/wp\/v2\/pages\/860\/revisions"}],"predecessor-version":[{"id":924,"href":"https:\/\/stial.usal.es\/de\/wp-json\/wp\/v2\/pages\/860\/revisions\/924"}],"wp:attachment":[{"href":"https:\/\/stial.usal.es\/de\/wp-json\/wp\/v2\/media?parent=860"}],"curies":[{"name":"wp","href":"https:\/\/api.w.org\/{rel}","templated":true}]}}