	{"id":877,"date":"2024-09-15T19:15:38","date_gmt":"2024-09-15T19:15:38","guid":{"rendered":"https:\/\/stial.usal.es\/?page_id=877"},"modified":"2025-02-03T17:16:31","modified_gmt":"2025-02-03T17:16:31","slug":"sede","status":"publish","type":"page","link":"https:\/\/stial.usal.es\/de\/sede\/","title":{"rendered":"Veranstaltungsort"},"content":{"rendered":"<p><span style=\"font-weight: 400;\">Das Symposium findet an der <\/span><a style=\"font-size: 15px;\" href=\"https:\/\/exlibris2.usal.es\/index.php\/presentacion\"><span style=\"font-weight: 400;\">Fakult\u00e4t f\u00fcr \u00dcbersetzung und Dokumentation<\/span><\/a><span style=\"font-weight: 400;\"> der Universit\u00e4t Salamanca, Francisco de Vitoria 6, 37008, Salamanca (Spanien) statt.\u00a0<\/span><\/p>\n<div class=\"contenedor-congreso\">\n<div class=\"imagenes-congreso\" style=\"text-align: center;\">\n<figure><!-- Reemplaza la URL con la de tu imagen de la fachada de la facultad si la tienes --><br \/>\n<img loading=\"lazy\" decoding=\"async\" class=\"wp-image-1006 size-full aligncenter\" src=\"https:\/\/stial.usal.es\/wp-content\/uploads\/sites\/4\/2025\/02\/csm_Salamanca_trad_instituto_blaue_Fenster_ab2d70b050.jpg\" alt=\"\" width=\"640\" height=\"622\" srcset=\"https:\/\/stial.usal.es\/wp-content\/uploads\/sites\/4\/2025\/02\/csm_Salamanca_trad_instituto_blaue_Fenster_ab2d70b050.jpg 640w, https:\/\/stial.usal.es\/wp-content\/uploads\/sites\/4\/2025\/02\/csm_Salamanca_trad_instituto_blaue_Fenster_ab2d70b050-300x292.jpg 300w\" sizes=\"auto, (max-width: 640px) 100vw, 640px\" \/><figcaption>Fassade der Fakult\u00e4t f\u00fcr \u00dcbersetzung und Dokumentation (Copyright: Bel\u00e9n Santana L\u00f3pez)<\/figcaption><\/figure>\n<figure><!-- Reemplaza la URL con la de tu imagen de la Plaza de Anaya si la tienes --><figcaption><\/figcaption><\/figure>\n<\/div>\n<\/div>\n<p style=\"text-align: center;\"><iframe loading=\"lazy\" src=\"https:\/\/drive.google.com\/file\/d\/1BTGzKX4ZMRCWiWYEIiYeZHZXe0xLaWvY\/preview\" width=\"640\" height=\"480\"><br \/>\n<\/iframe><\/p>\n<p><\/p>","protected":false},"excerpt":{"rendered":"<p>Das Symposium findet an der Fakult\u00e4t f\u00fcr \u00dcbersetzung und Dokumentation der Universit\u00e4t Salamanca, Francisco de Vitoria 6, 37008, Salamanca (Spanien) statt.\u00a0 Fassade der Fakult\u00e4t f\u00fcr \u00dcbersetzung und Dokumentation (Copyright: Bel\u00e9n Santana L\u00f3pez)<\/p>\n","protected":false},"author":31,"featured_media":0,"parent":0,"menu_order":0,"comment_status":"closed","ping_status":"closed","template":"","meta":{"footnotes":""},"class_list":["post-877","page","type-page","status-publish","hentry"],"aioseo_notices":[],"_links":{"self":[{"href":"https:\/\/stial.usal.es\/de\/wp-json\/wp\/v2\/pages\/877","targetHints":{"allow":["GET"]}}],"collection":[{"href":"https:\/\/stial.usal.es\/de\/wp-json\/wp\/v2\/pages"}],"about":[{"href":"https:\/\/stial.usal.es\/de\/wp-json\/wp\/v2\/types\/page"}],"author":[{"embeddable":true,"href":"https:\/\/stial.usal.es\/de\/wp-json\/wp\/v2\/users\/31"}],"replies":[{"embeddable":true,"href":"https:\/\/stial.usal.es\/de\/wp-json\/wp\/v2\/comments?post=877"}],"version-history":[{"count":6,"href":"https:\/\/stial.usal.es\/de\/wp-json\/wp\/v2\/pages\/877\/revisions"}],"predecessor-version":[{"id":1009,"href":"https:\/\/stial.usal.es\/de\/wp-json\/wp\/v2\/pages\/877\/revisions\/1009"}],"wp:attachment":[{"href":"https:\/\/stial.usal.es\/de\/wp-json\/wp\/v2\/media?parent=877"}],"curies":[{"name":"wp","href":"https:\/\/api.w.org\/{rel}","templated":true}]}}