	{"id":88,"date":"2019-02-14T09:36:01","date_gmt":"2019-02-14T09:36:01","guid":{"rendered":"http:\/\/stial.usal.es\/?page_id=88"},"modified":"2025-03-05T20:25:48","modified_gmt":"2025-03-05T20:25:48","slug":"comite-organizador","status":"publish","type":"page","link":"https:\/\/stial.usal.es\/de\/comite-organizador\/","title":{"rendered":"Organisation"},"content":{"rendered":"<p>Das Symposium wird von der deutschen Sektion des <a href=\"https:\/\/traduccioneinterpretacion.org\/\">Departamento de Traducci\u00f3n e Interpretaci\u00f3n de la Universidad de Salamanca<\/a> organisiert.<\/p>\n<h3>Vorsitz<\/h3>\n<ul>\n<li><span style=\"font-weight: 400;\"><a href=\"https:\/\/produccioncientifica.usal.es\/investigadores\/57100\/detalle?lang=de\">Bel\u00e9n Santana L\u00f3pez<\/a><\/span><\/li>\n<\/ul>\n<h3>Organisationskomitee<\/h3>\n<ul>\n<li style=\"list-style-type: none;\">\n<ul>\n<li><a href=\"https:\/\/produccioncientifica.usal.es\/investigadores\/56843\/detalle\"><span style=\"font-weight: 400;\">Mar\u00eda \u00c1ngeles Recio Ariza<\/span><\/a><\/li>\n<li><a href=\"https:\/\/produccioncientifica.usal.es\/investigadores\/55896\/detalle?lang=de\"><span style=\"font-weight: 400;\">Ic\u00edar Alonso Aragu\u00e1s<\/span><\/a><\/li>\n<li><a href=\"https:\/\/produccioncientifica.usal.es\/investigadores\/57821\/colaboracion\"><span style=\"font-weight: 400;\">Manuel de la Cruz Recio<\/span><\/a><\/li>\n<li><a href=\"https:\/\/produccioncientifica.usal.es\/investigadores\/107675\/detalle\"><span style=\"font-weight: 400;\">Claudia Toda Cast\u00e1n<\/span><\/a><\/li>\n<li><a href=\"https:\/\/produccioncientifica.usal.es\/investigadores\/57432\/colaboracion\"><span style=\"font-weight: 400;\">Iris Holl<\/span><\/a><\/li>\n<li><a href=\"https:\/\/produccioncientifica.usal.es\/investigadores\/57215\/detalle\"><span style=\"font-weight: 400;\">Beatriz de la Fuente Marina<\/span><\/a><\/li>\n<li><a href=\"https:\/\/produccioncientifica.usal.es\/investigadores\/819416\/detalle\"><span style=\"font-weight: 400;\">Susana Schoer Granado<\/span><\/a><\/li>\n<li><a href=\"https:\/\/produccioncientifica.usal.es\/investigadores\/262718\/detalle\"><span style=\"font-weight: 400;\">Andrea Fern\u00e1ndez Vivanco<\/span><\/a><\/li>\n<li><a href=\"https:\/\/produccioncientifica.usal.es\/investigadores\/819896\/detalle\"><span style=\"font-weight: 400;\">Celia Hern\u00e1ndez P\u00e9rez<\/span><\/a><\/li>\n<\/ul>\n<\/li>\n<\/ul>\n<h3>Wissenschaftliches Komitee<\/h3>\n<ul>\n<li><span style=\"font-weight: 400;\">M\u00aa del Carmen Balbuena Torezano (Universidad de C\u00f3rdoba)<\/span><\/li>\n<li><span style=\"font-weight: 400;\">Ingrid C\u00e1ceres W\u00fcrsig (Universidad de Alcal\u00e1 de Henares)<\/span><\/li>\n<li><span style=\"font-weight: 400;\">Carlos Fortea (Universidad Complutense de Madrid)<\/span><\/li>\n<li><span style=\"font-weight: 400;\">Ana M\u00aa Garc\u00eda \u00c1lvarez (Universidad de Las Palmas de Gran Canaria)<\/span><\/li>\n<li><span style=\"font-weight: 400;\">Vera E. Gerling (Universidad de D\u00fcsseldorf)<\/span><\/li>\n<li><span style=\"font-weight: 400;\">Catalina Jim\u00e9nez Hurtado (Universidad de Granada)<\/span><\/li>\n<li><span style=\"font-weight: 400;\">\u00d3scar Loureda (Universidad de Heidelberg)<\/span><\/li>\n<li><span style=\"font-weight: 400;\">Ana Medina Reguera (Universidad Pablo de Olavide)<\/span><\/li>\n<li><span style=\"font-weight: 400;\">Christiane Nord (Prof. Em. Univ. de Magdeburgo)<\/span><\/li>\n<li><span style=\"font-weight: 400;\">Silvia Roiss (Universidad de Salamanca)<\/span><\/li>\n<li><span style=\"font-weight: 400;\">Astrid Schmidhofer (Universit\u00e4t Innsbruck)<\/span><\/li>\n<li><span style=\"font-weight: 400;\">Carsten Sinner (Universidad de Leipzig)<\/span><\/li>\n<li><span style=\"font-weight: 400;\">M\u00aa Jos\u00e9 Varela Salinas (Universidad de M\u00e1laga)<\/span><\/li>\n<li><span style=\"font-weight: 400;\">Petra Zimmermann (Universidad de Salamanca)<\/span><\/li>\n<\/ul>\n<p><\/p>","protected":false},"excerpt":{"rendered":"<p>Das Symposium wird von der deutschen Sektion des Departamento de Traducci\u00f3n e Interpretaci\u00f3n de la Universidad de Salamanca organisiert. Vorsitz Bel\u00e9n Santana L\u00f3pez Organisationskomitee Mar\u00eda \u00c1ngeles Recio Ariza Ic\u00edar Alonso Aragu\u00e1s Manuel de la Cruz Recio Claudia Toda Cast\u00e1n Iris Holl Beatriz de la Fuente Marina Susana Schoer Granado Andrea Fern\u00e1ndez Vivanco Celia Hern\u00e1ndez P\u00e9rez <a class=\"read-more\" href=\"https:\/\/stial.usal.es\/de\/comite-organizador\/\">Leer m&aacute;s<\/a><\/p>\n","protected":false},"author":1,"featured_media":0,"parent":0,"menu_order":0,"comment_status":"closed","ping_status":"closed","template":"","meta":{"footnotes":""},"class_list":["post-88","page","type-page","status-publish","hentry"],"aioseo_notices":[],"_links":{"self":[{"href":"https:\/\/stial.usal.es\/de\/wp-json\/wp\/v2\/pages\/88","targetHints":{"allow":["GET"]}}],"collection":[{"href":"https:\/\/stial.usal.es\/de\/wp-json\/wp\/v2\/pages"}],"about":[{"href":"https:\/\/stial.usal.es\/de\/wp-json\/wp\/v2\/types\/page"}],"author":[{"embeddable":true,"href":"https:\/\/stial.usal.es\/de\/wp-json\/wp\/v2\/users\/1"}],"replies":[{"embeddable":true,"href":"https:\/\/stial.usal.es\/de\/wp-json\/wp\/v2\/comments?post=88"}],"version-history":[{"count":41,"href":"https:\/\/stial.usal.es\/de\/wp-json\/wp\/v2\/pages\/88\/revisions"}],"predecessor-version":[{"id":1054,"href":"https:\/\/stial.usal.es\/de\/wp-json\/wp\/v2\/pages\/88\/revisions\/1054"}],"wp:attachment":[{"href":"https:\/\/stial.usal.es\/de\/wp-json\/wp\/v2\/media?parent=88"}],"curies":[{"name":"wp","href":"https:\/\/api.w.org\/{rel}","templated":true}]}}