	{"id":93,"date":"2019-02-14T09:38:08","date_gmt":"2019-02-14T09:38:08","guid":{"rendered":"http:\/\/stial.usal.es\/?page_id=93"},"modified":"2024-09-16T11:02:26","modified_gmt":"2024-09-16T11:02:26","slug":"contacto","status":"publish","type":"page","link":"https:\/\/stial.usal.es\/de\/contacto\/","title":{"rendered":"Kontakt"},"content":{"rendered":"<p><img loading=\"lazy\" decoding=\"async\" class=\"size-full wp-image-722 aligncenter\" src=\"https:\/\/stial.usal.es\/wp-content\/uploads\/sites\/4\/2024\/06\/cropped-logoVII2025.png\" alt=\"\" width=\"240\" height=\"240\" srcset=\"https:\/\/stial.usal.es\/wp-content\/uploads\/sites\/4\/2024\/06\/cropped-logoVII2025.png 240w, https:\/\/stial.usal.es\/wp-content\/uploads\/sites\/4\/2024\/06\/cropped-logoVII2025-150x150.png 150w\" sizes=\"auto, (max-width: 240px) 100vw, 240px\" \/><\/p>\n<p style=\"text-align: center;\"><strong><span style=\"color: #3366ff;\">Secci\u00f3n de Alem\u00e1n<\/span><\/strong><\/p>\n<p style=\"text-align: center;\"><strong>Departamento de<br \/>\nTraducci\u00f3n e Interpretaci\u00f3n<\/strong><\/p>\n<p style=\"text-align: center;\">Francisco de Vitoria, 6-16<br \/>\n37008 Salamanca<br \/>\nTel\u00e9fono: +34 923 294 580<br \/>\nFax: + 34 923 294 582<br \/>\nE-mail:\u00a0<a id=\"correo\" href=\"mailto:stial@usal.es\">stial@usal.es<\/a><\/p>\n<p><\/p>","protected":false},"excerpt":{"rendered":"<p>Secci\u00f3n de Alem\u00e1n Departamento de Traducci\u00f3n e Interpretaci\u00f3n Francisco de Vitoria, 6-16 37008 Salamanca Tel\u00e9fono: +34 923 294 580 Fax: + 34 923 294 582 E-mail:\u00a0stial@usal.es<\/p>\n","protected":false},"author":1,"featured_media":0,"parent":0,"menu_order":0,"comment_status":"closed","ping_status":"closed","template":"","meta":{"footnotes":""},"class_list":["post-93","page","type-page","status-publish","hentry"],"aioseo_notices":[],"_links":{"self":[{"href":"https:\/\/stial.usal.es\/de\/wp-json\/wp\/v2\/pages\/93","targetHints":{"allow":["GET"]}}],"collection":[{"href":"https:\/\/stial.usal.es\/de\/wp-json\/wp\/v2\/pages"}],"about":[{"href":"https:\/\/stial.usal.es\/de\/wp-json\/wp\/v2\/types\/page"}],"author":[{"embeddable":true,"href":"https:\/\/stial.usal.es\/de\/wp-json\/wp\/v2\/users\/1"}],"replies":[{"embeddable":true,"href":"https:\/\/stial.usal.es\/de\/wp-json\/wp\/v2\/comments?post=93"}],"version-history":[{"count":22,"href":"https:\/\/stial.usal.es\/de\/wp-json\/wp\/v2\/pages\/93\/revisions"}],"predecessor-version":[{"id":923,"href":"https:\/\/stial.usal.es\/de\/wp-json\/wp\/v2\/pages\/93\/revisions\/923"}],"wp:attachment":[{"href":"https:\/\/stial.usal.es\/de\/wp-json\/wp\/v2\/media?parent=93"}],"curies":[{"name":"wp","href":"https:\/\/api.w.org\/{rel}","templated":true}]}}